{"id":539,"date":"2024-03-18T15:16:55","date_gmt":"2024-03-18T13:16:55","guid":{"rendered":"https:\/\/timurbasirov.wordpress.com\/?page_id=539"},"modified":"2025-10-21T06:34:06","modified_gmt":"2025-10-21T06:34:06","slug":"led-kasutamine","status":"publish","type":"page","link":"https:\/\/timurbasirov23.thkit.ee\/wp\/eng\/led-kasutamine\/","title":{"rendered":"Experiment 1, Using LEDs"},"content":{"rendered":"\n<h2 class=\"wp-block-heading\">1.Teema: LED ja RGB LED kasutamine<\/h2>\n\n\n\n<p><strong>Katse 1.1<\/strong><br><strong>Punane LED vilkuv:<\/strong><\/p>\n\n\n\n<figure class=\"wp-block-image size-large\"><img loading=\"lazy\" decoding=\"async\" width=\"698\" height=\"511\" src=\"https:\/\/timurbasirov23.thkit.ee\/wp\/eng\/wp-content\/uploads\/2024\/03\/image.png?w=698\" alt=\"\" class=\"wp-image-560\" srcset=\"https:\/\/timurbasirov23.thkit.ee\/wp\/eng\/wp-content\/uploads\/sites\/2\/2024\/03\/image.png 698w, https:\/\/timurbasirov23.thkit.ee\/wp\/eng\/wp-content\/uploads\/sites\/2\/2024\/03\/image-300x220.png 300w\" sizes=\"auto, (max-width: 698px) 100vw, 698px\" \/><\/figure>\n\n\n\n<p><strong>Katse 1.2<\/strong><br><strong>RGB LED muudab v\u00e4rvi:<\/strong><\/p>\n\n\n\n<figure class=\"wp-block-image size-large\"><img loading=\"lazy\" decoding=\"async\" width=\"697\" height=\"530\" src=\"https:\/\/timurbasirov23.thkit.ee\/wp\/eng\/wp-content\/uploads\/2024\/03\/image-1.png?w=697\" alt=\"\" class=\"wp-image-562\" srcset=\"https:\/\/timurbasirov23.thkit.ee\/wp\/eng\/wp-content\/uploads\/sites\/2\/2024\/03\/image-1.png 697w, https:\/\/timurbasirov23.thkit.ee\/wp\/eng\/wp-content\/uploads\/sites\/2\/2024\/03\/image-1-300x228.png 300w\" sizes=\"auto, (max-width: 697px) 100vw, 697px\" \/><\/figure>\n\n\n\n<h2 class=\"wp-block-heading\">\u00dclesanne \u201cValgusfoor\u201d<\/h2>\n\n\n\n<p>T\u00e4nu sellele v\u00e4ikesele valgusfooriprojektile \u00f5ppisin \u00e4ra funktsioonid, mida kasutasin oma koodis,<\/p>\n\n\n\n<h2 class=\"wp-block-heading\">Uuritud funktsioonid<\/h2>\n\n\n\n<pre class=\"wp-block-syntaxhighlighter-code\">int red = 11;\nint yellow = 10;\nint green = 9;\nint peshehodk = 7;\nint peshehodz = 6;<\/pre>\n\n\n\n<p>Koodi alguses panen igale LED-ile erineva v\u00e4\u00e4rtuse, mis vastab arduino uno viigule.<\/p>\n\n\n\n<pre class=\"wp-block-syntaxhighlighter-code\">void setup(){\n  \n  pinMode(red, OUTPUT);\n  pinMode(yellow, OUTPUT);\n  pinMode(green,  OUTPUT);\n  pinMode(peshehodz, OUTPUT);\n  pinMode(peshehodk, OUTPUT);\n  \n}<\/pre>\n\n\n\n<p>Void Setup<br>PinMode(mingi v\u00e4\u00e4rtus, Output)<br>Ma kasutasin tulemuse v\u00e4ljastamiseks<\/p>\n\n\n\n<pre class=\"wp-block-syntaxhighlighter-code\">void loop(){\nint a=0;\n  while(a&lt;1)\n  {\n    day();\n      night();\n  }\n}<\/pre>\n\n\n\n<p>Void Loop &#8211; funktsioon, mis t\u00f6\u00f6tab l\u00f5pmatult<br>Seadistades a=0 ja lisades while(a&lt;3) funktsiooni tegin nn l\u00f5pmatu while true, kus p\u00e4evane ja \u00f6ine re\u017eiim vahelduvad.<\/p>\n\n\n\n<pre class=\"wp-block-syntaxhighlighter-code\">void day(){\n    digitalWrite(red, HIGH);\n    digitalWrite(green, LOW);\n    digitalWrite(yellow, LOW);\n    digitalWrite(peshehodk, LOW);\n    digitalWrite(peshehodz, HIGH);<\/pre>\n\n\n\n<p>digitalWrite(x, HIGH);<br>digitalWrite(x, LOW);<br>Ma kasutasin LED-i toitevoolu suurendamiseks ja v\u00e4hendamiseks<\/p>\n\n\n\n<pre class=\"wp-block-syntaxhighlighter-code\">delay(12000);<\/pre>\n\n\n\n<p>Delay(x) Funktsioon, mis ootab aega, et liikuda j\u00e4rgmise tegevuse juurde.<br>1000 &#8211; 1 sekund<\/p>\n\n\n\n<h2 class=\"wp-block-heading\">T\u00f6\u00f6 Kirjeldus<\/h2>\n\n\n\n<p>Valgusfoori t\u00f6\u00f6 kahe re\u017eiimiga. Tavare\u017eiim ja \u00f6\u00f6re\u017eiim.<\/p>\n\n\n\n<h2 class=\"wp-block-heading\">Kasutatud komponeendid.<\/h2>\n\n\n\n<p><strong>Arduino UNO plaat (1tk)<\/strong><br><strong>Arendusplaat (1tk)<\/strong><br><strong>Juhtmed (6tk)<\/strong><br><strong>Takisti (3tk, 1kOm)<\/strong><br><strong>LED (5tk: 2 punane, 2 roheline, 1 kollane)<\/strong><\/p>\n\n\n\n<h2 class=\"wp-block-heading\">T\u00f6\u00f6 protsess:<\/h2>\n\n\n\n<p>\u00dchendage dioodid, takisti ja juhtmed plaadiga. Valgusfoor t\u00f6\u00f6tab Valgusfoor tava- ja \u00f6\u00f6re\u017eiimil.<\/p>\n\n\n\n<p>Tavare\u017eiim \u2013 Kui tavafooris p\u00f5leb punane LED, p\u00f5leb fooris inimestele roheline LED ja vastupidi.<\/p>\n\n\n\n<p>\u00d6\u00f6re\u017eiim \u2013 Kui valgusfoor on tavare\u017eiimist 2 korda l\u00e4binud, l\u00fclitub valgusfoor \u00f6\u00f6re\u017eiimile ja vilgub ainult kollane LED ja k\u00f5ik muud dioodid on v\u00e4lja l\u00fclitatud.<\/p>\n\n\n\n<h2 class=\"wp-block-heading\">LED-ide rakendamine<\/h2>\n\n\n\n<p>Valgustuse ja valgustuse jaoks: T\u00e4nava-, t\u00f6\u00f6stus-, koduvalgustuses (LED-lambid ja lambid); Dekoratiivvalgustuses, taustvalgustuses.<\/p>\n\n\n\n<h2 class=\"wp-block-heading\">Skeem:<\/h2>\n\n\n\n<figure class=\"wp-block-image size-large\"><img loading=\"lazy\" decoding=\"async\" width=\"709\" height=\"670\" src=\"https:\/\/timurbasirov23.thkit.ee\/wp\/eng\/wp-content\/uploads\/2024\/03\/image-2.png?w=709\" alt=\"\" class=\"wp-image-566\" srcset=\"https:\/\/timurbasirov23.thkit.ee\/wp\/eng\/wp-content\/uploads\/sites\/2\/2024\/03\/image-2.png 709w, https:\/\/timurbasirov23.thkit.ee\/wp\/eng\/wp-content\/uploads\/sites\/2\/2024\/03\/image-2-300x283.png 300w\" sizes=\"auto, (max-width: 709px) 100vw, 709px\" \/><\/figure>\n\n\n\n<h2 class=\"wp-block-heading\">Programm:<\/h2>\n\n\n\n<pre class=\"wp-block-syntaxhighlighter-code\">\/\/ C++ code\n\/\/\nint red = 11;\nint yellow = 10;\nint green = 9;\nint peshehodk = 7;\nint peshehodz = 6;\n\nvoid setup(){\n  \n  pinMode(red, OUTPUT);\n  pinMode(yellow, OUTPUT);\n  pinMode(green,  OUTPUT);\n  pinMode(peshehodz, OUTPUT);\n  pinMode(peshehodk, OUTPUT);\n  \n}\n\nvoid loop(){\nint a=0;\n  while(a&lt;1)\n  {\n\t  day();\n      night();\n  }\n}\n\nvoid day(){\n    digitalWrite(red, HIGH);\n    digitalWrite(green, LOW);\n    digitalWrite(yellow, LOW);\n \tdigitalWrite(peshehodk, LOW);\n  \tdigitalWrite(peshehodz, HIGH);\ndelay(12000);\n  \t\n  \tdigitalWrite(red, HIGH);\n  \tdigitalWrite(yellow, HIGH);\n  \tdigitalWrite(green, LOW);\n  \tdigitalWrite(peshehodk, HIGH);\n  \tdigitalWrite(peshehodz, LOW);\ndelay(3000);\n  \t\n  \tdigitalWrite(red, LOW);\n  \tdigitalWrite(yellow, LOW);\n  \tdigitalWrite(green, HIGH);\n  \tdigitalWrite(peshehodk, HIGH);\n  \tdigitalWrite(peshehodz, LOW);\ndelay(20000);\n  \n    digitalWrite(green, LOW);\n  \tdigitalWrite(peshehodk, HIGH);\n  \tdigitalWrite(yellow, HIGH);\ndelay(1000);\n    digitalWrite(yellow,  LOW);\ndelay(500);\n\n    digitalWrite(yellow, HIGH);\ndelay(1000);\n    digitalWrite(yellow,  LOW);\ndelay(500);\n\n    digitalWrite(yellow, HIGH);\ndelay(1000);  \n    digitalWrite(yellow, LOW);\ndelay(500);\n  \n    digitalWrite(yellow, HIGH);\ndelay(1000);\n    digitalWrite(yellow, LOW);\ndelay(500);\n  \n    digitalWrite(yellow, HIGH);\ndelay(1000);\n    digitalWrite(yellow, LOW);\ndelay(500);\n}\n\nvoid night(){\n    digitalWrite(yellow, HIGH);\ndelay(1000);\n    digitalWrite(yellow,  LOW);\ndelay(500);\n\n    digitalWrite(yellow, HIGH);\ndelay(1000);\n    digitalWrite(yellow,  LOW);\ndelay(500);\n\n    digitalWrite(yellow, HIGH);\ndelay(1000);  \n    digitalWrite(yellow, LOW);\ndelay(500);\n  \n    digitalWrite(yellow, HIGH);\ndelay(1000);\n    digitalWrite(yellow, LOW);\ndelay(500);\n  \n    digitalWrite(yellow, HIGH);\ndelay(1000);\n    digitalWrite(yellow, LOW);\ndelay(500);\n}<\/pre>\n\n\n\n<h2 class=\"wp-block-heading\">Video:<\/h2>\n\n\n\n<figure class=\"wp-block-embed is-type-video is-provider-youtube wp-block-embed-youtube wp-embed-aspect-16-9 wp-has-aspect-ratio\"><div class=\"wp-block-embed__wrapper\">\n<div class=\"embed-youtube\"><iframe loading=\"lazy\" title=\"LED Timur TARpv23\" width=\"500\" height=\"281\" src=\"https:\/\/www.youtube.com\/embed\/-i7gp9FRLv0?feature=oembed\" frameborder=\"0\" allow=\"accelerometer; autoplay; clipboard-write; encrypted-media; gyroscope; picture-in-picture; web-share\" referrerpolicy=\"strict-origin-when-cross-origin\" allowfullscreen><\/iframe><\/div>\n<\/div><figcaption class=\"wp-element-caption\">*<a href=\"https:\/\/youtu.be\/-i7gp9FRLv0\">https:\/\/youtu.be\/-i7gp9FRLv0<\/a>*<\/figcaption><\/figure>\n","protected":false},"excerpt":{"rendered":"<p>1.Teema: LED ja RGB LED kasutamine Katse 1.1Punane LED vilkuv: Katse 1.2RGB LED muudab v\u00e4rvi: \u00dclesanne \u201cValgusfoor\u201d T\u00e4nu sellele v\u00e4ikesele valgusfooriprojektile \u00f5ppisin \u00e4ra funktsioonid, mida kasutasin oma koodis, Uuritud funktsioonid Koodi alguses panen igale LED-ile erineva v\u00e4\u00e4rtuse, mis vastab arduino uno viigule. Void SetupPinMode(mingi v\u00e4\u00e4rtus, Output)Ma kasutasin tulemuse v\u00e4ljastamiseks Void Loop &#8211; funktsioon, mis t\u00f6\u00f6tab [&hellip;]<\/p>\n","protected":false},"author":1,"featured_media":0,"parent":0,"menu_order":0,"comment_status":"closed","ping_status":"closed","template":"page-with-title","meta":{"footnotes":""},"class_list":["post-539","page","type-page","status-publish","hentry"],"yoast_head":"<!-- This site is optimized with the Yoast SEO plugin v27.4 - https:\/\/yoast.com\/product\/yoast-seo-wordpress\/ -->\n<title>Experiment 1, Using LEDs - Timur Bashirov Portfolio<\/title>\n<meta name=\"robots\" content=\"index, follow, max-snippet:-1, max-image-preview:large, max-video-preview:-1\" \/>\n<link rel=\"canonical\" href=\"https:\/\/timurbasirov23.thkit.ee\/wp\/eng\/led-kasutamine\/\" \/>\n<meta property=\"og:locale\" content=\"en_US\" \/>\n<meta property=\"og:type\" content=\"article\" \/>\n<meta property=\"og:title\" content=\"Experiment 1, Using LEDs - Timur Bashirov Portfolio\" \/>\n<meta property=\"og:description\" content=\"1.Teema: LED ja RGB LED kasutamine Katse 1.1Punane LED vilkuv: Katse 1.2RGB LED muudab v\u00e4rvi: \u00dclesanne \u201cValgusfoor\u201d T\u00e4nu sellele v\u00e4ikesele valgusfooriprojektile \u00f5ppisin \u00e4ra funktsioonid, mida kasutasin oma koodis, Uuritud funktsioonid Koodi alguses panen igale LED-ile erineva v\u00e4\u00e4rtuse, mis vastab arduino uno viigule. Void SetupPinMode(mingi v\u00e4\u00e4rtus, Output)Ma kasutasin tulemuse v\u00e4ljastamiseks Void Loop &#8211; funktsioon, mis t\u00f6\u00f6tab [&hellip;]\" \/>\n<meta property=\"og:url\" content=\"https:\/\/timurbasirov23.thkit.ee\/wp\/eng\/led-kasutamine\/\" \/>\n<meta property=\"og:site_name\" content=\"Timur Bashirov Portfolio\" \/>\n<meta property=\"article:modified_time\" content=\"2025-10-21T06:34:06+00:00\" \/>\n<meta property=\"og:image\" content=\"https:\/\/timurbasirov23.thkit.ee\/wp\/eng\/wp-content\/uploads\/sites\/2\/2024\/03\/image.png\" \/>\n\t<meta property=\"og:image:width\" content=\"698\" \/>\n\t<meta property=\"og:image:height\" content=\"511\" \/>\n\t<meta property=\"og:image:type\" content=\"image\/png\" \/>\n<meta name=\"twitter:card\" content=\"summary_large_image\" \/>\n<meta name=\"twitter:label1\" content=\"Est. reading time\" \/>\n\t<meta name=\"twitter:data1\" content=\"2 minutes\" \/>\n<script type=\"application\/ld+json\" class=\"yoast-schema-graph\">{\"@context\":\"https:\\\/\\\/schema.org\",\"@graph\":[{\"@type\":\"WebPage\",\"@id\":\"https:\\\/\\\/timurbasirov23.thkit.ee\\\/wp\\\/eng\\\/led-kasutamine\\\/\",\"url\":\"https:\\\/\\\/timurbasirov23.thkit.ee\\\/wp\\\/eng\\\/led-kasutamine\\\/\",\"name\":\"Experiment 1, Using LEDs - Timur Bashirov Portfolio\",\"isPartOf\":{\"@id\":\"https:\\\/\\\/timurbasirov23.thkit.ee\\\/wp\\\/eng\\\/#website\"},\"primaryImageOfPage\":{\"@id\":\"https:\\\/\\\/timurbasirov23.thkit.ee\\\/wp\\\/eng\\\/led-kasutamine\\\/#primaryimage\"},\"image\":{\"@id\":\"https:\\\/\\\/timurbasirov23.thkit.ee\\\/wp\\\/eng\\\/led-kasutamine\\\/#primaryimage\"},\"thumbnailUrl\":\"https:\\\/\\\/timurbasirov23.thkit.ee\\\/wp\\\/eng\\\/wp-content\\\/uploads\\\/2024\\\/03\\\/image.png?w=698\",\"datePublished\":\"2024-03-18T13:16:55+00:00\",\"dateModified\":\"2025-10-21T06:34:06+00:00\",\"breadcrumb\":{\"@id\":\"https:\\\/\\\/timurbasirov23.thkit.ee\\\/wp\\\/eng\\\/led-kasutamine\\\/#breadcrumb\"},\"inLanguage\":\"en-US\",\"potentialAction\":[{\"@type\":\"ReadAction\",\"target\":[\"https:\\\/\\\/timurbasirov23.thkit.ee\\\/wp\\\/eng\\\/led-kasutamine\\\/\"]}]},{\"@type\":\"ImageObject\",\"inLanguage\":\"en-US\",\"@id\":\"https:\\\/\\\/timurbasirov23.thkit.ee\\\/wp\\\/eng\\\/led-kasutamine\\\/#primaryimage\",\"url\":\"https:\\\/\\\/timurbasirov23.thkit.ee\\\/wp\\\/eng\\\/wp-content\\\/uploads\\\/sites\\\/2\\\/2024\\\/03\\\/image.png\",\"contentUrl\":\"https:\\\/\\\/timurbasirov23.thkit.ee\\\/wp\\\/eng\\\/wp-content\\\/uploads\\\/sites\\\/2\\\/2024\\\/03\\\/image.png\",\"width\":698,\"height\":511},{\"@type\":\"BreadcrumbList\",\"@id\":\"https:\\\/\\\/timurbasirov23.thkit.ee\\\/wp\\\/eng\\\/led-kasutamine\\\/#breadcrumb\",\"itemListElement\":[{\"@type\":\"ListItem\",\"position\":1,\"name\":\"Home\",\"item\":\"https:\\\/\\\/timurbasirov23.thkit.ee\\\/wp\\\/eng\\\/\"},{\"@type\":\"ListItem\",\"position\":2,\"name\":\"Experiment 1, Using LEDs\"}]},{\"@type\":\"WebSite\",\"@id\":\"https:\\\/\\\/timurbasirov23.thkit.ee\\\/wp\\\/eng\\\/#website\",\"url\":\"https:\\\/\\\/timurbasirov23.thkit.ee\\\/wp\\\/eng\\\/\",\"name\":\"Timur Bashirov Portfolio\",\"description\":\"\",\"potentialAction\":[{\"@type\":\"SearchAction\",\"target\":{\"@type\":\"EntryPoint\",\"urlTemplate\":\"https:\\\/\\\/timurbasirov23.thkit.ee\\\/wp\\\/eng\\\/?s={search_term_string}\"},\"query-input\":{\"@type\":\"PropertyValueSpecification\",\"valueRequired\":true,\"valueName\":\"search_term_string\"}}],\"inLanguage\":\"en-US\"}]}<\/script>\n<!-- \/ Yoast SEO plugin. -->","yoast_head_json":{"title":"Experiment 1, Using LEDs - Timur Bashirov Portfolio","robots":{"index":"index","follow":"follow","max-snippet":"max-snippet:-1","max-image-preview":"max-image-preview:large","max-video-preview":"max-video-preview:-1"},"canonical":"https:\/\/timurbasirov23.thkit.ee\/wp\/eng\/led-kasutamine\/","og_locale":"en_US","og_type":"article","og_title":"Experiment 1, Using LEDs - Timur Bashirov Portfolio","og_description":"1.Teema: LED ja RGB LED kasutamine Katse 1.1Punane LED vilkuv: Katse 1.2RGB LED muudab v\u00e4rvi: \u00dclesanne \u201cValgusfoor\u201d T\u00e4nu sellele v\u00e4ikesele valgusfooriprojektile \u00f5ppisin \u00e4ra funktsioonid, mida kasutasin oma koodis, Uuritud funktsioonid Koodi alguses panen igale LED-ile erineva v\u00e4\u00e4rtuse, mis vastab arduino uno viigule. Void SetupPinMode(mingi v\u00e4\u00e4rtus, Output)Ma kasutasin tulemuse v\u00e4ljastamiseks Void Loop &#8211; funktsioon, mis t\u00f6\u00f6tab [&hellip;]","og_url":"https:\/\/timurbasirov23.thkit.ee\/wp\/eng\/led-kasutamine\/","og_site_name":"Timur Bashirov Portfolio","article_modified_time":"2025-10-21T06:34:06+00:00","og_image":[{"width":698,"height":511,"url":"https:\/\/timurbasirov23.thkit.ee\/wp\/eng\/wp-content\/uploads\/sites\/2\/2024\/03\/image.png","type":"image\/png"}],"twitter_card":"summary_large_image","twitter_misc":{"Est. reading time":"2 minutes"},"schema":{"@context":"https:\/\/schema.org","@graph":[{"@type":"WebPage","@id":"https:\/\/timurbasirov23.thkit.ee\/wp\/eng\/led-kasutamine\/","url":"https:\/\/timurbasirov23.thkit.ee\/wp\/eng\/led-kasutamine\/","name":"Experiment 1, Using LEDs - Timur Bashirov Portfolio","isPartOf":{"@id":"https:\/\/timurbasirov23.thkit.ee\/wp\/eng\/#website"},"primaryImageOfPage":{"@id":"https:\/\/timurbasirov23.thkit.ee\/wp\/eng\/led-kasutamine\/#primaryimage"},"image":{"@id":"https:\/\/timurbasirov23.thkit.ee\/wp\/eng\/led-kasutamine\/#primaryimage"},"thumbnailUrl":"https:\/\/timurbasirov23.thkit.ee\/wp\/eng\/wp-content\/uploads\/2024\/03\/image.png?w=698","datePublished":"2024-03-18T13:16:55+00:00","dateModified":"2025-10-21T06:34:06+00:00","breadcrumb":{"@id":"https:\/\/timurbasirov23.thkit.ee\/wp\/eng\/led-kasutamine\/#breadcrumb"},"inLanguage":"en-US","potentialAction":[{"@type":"ReadAction","target":["https:\/\/timurbasirov23.thkit.ee\/wp\/eng\/led-kasutamine\/"]}]},{"@type":"ImageObject","inLanguage":"en-US","@id":"https:\/\/timurbasirov23.thkit.ee\/wp\/eng\/led-kasutamine\/#primaryimage","url":"https:\/\/timurbasirov23.thkit.ee\/wp\/eng\/wp-content\/uploads\/sites\/2\/2024\/03\/image.png","contentUrl":"https:\/\/timurbasirov23.thkit.ee\/wp\/eng\/wp-content\/uploads\/sites\/2\/2024\/03\/image.png","width":698,"height":511},{"@type":"BreadcrumbList","@id":"https:\/\/timurbasirov23.thkit.ee\/wp\/eng\/led-kasutamine\/#breadcrumb","itemListElement":[{"@type":"ListItem","position":1,"name":"Home","item":"https:\/\/timurbasirov23.thkit.ee\/wp\/eng\/"},{"@type":"ListItem","position":2,"name":"Experiment 1, Using LEDs"}]},{"@type":"WebSite","@id":"https:\/\/timurbasirov23.thkit.ee\/wp\/eng\/#website","url":"https:\/\/timurbasirov23.thkit.ee\/wp\/eng\/","name":"Timur Bashirov Portfolio","description":"","potentialAction":[{"@type":"SearchAction","target":{"@type":"EntryPoint","urlTemplate":"https:\/\/timurbasirov23.thkit.ee\/wp\/eng\/?s={search_term_string}"},"query-input":{"@type":"PropertyValueSpecification","valueRequired":true,"valueName":"search_term_string"}}],"inLanguage":"en-US"}]}},"_links":{"self":[{"href":"https:\/\/timurbasirov23.thkit.ee\/wp\/eng\/wp-json\/wp\/v2\/pages\/539","targetHints":{"allow":["GET"]}}],"collection":[{"href":"https:\/\/timurbasirov23.thkit.ee\/wp\/eng\/wp-json\/wp\/v2\/pages"}],"about":[{"href":"https:\/\/timurbasirov23.thkit.ee\/wp\/eng\/wp-json\/wp\/v2\/types\/page"}],"author":[{"embeddable":true,"href":"https:\/\/timurbasirov23.thkit.ee\/wp\/eng\/wp-json\/wp\/v2\/users\/1"}],"replies":[{"embeddable":true,"href":"https:\/\/timurbasirov23.thkit.ee\/wp\/eng\/wp-json\/wp\/v2\/comments?post=539"}],"version-history":[{"count":1,"href":"https:\/\/timurbasirov23.thkit.ee\/wp\/eng\/wp-json\/wp\/v2\/pages\/539\/revisions"}],"predecessor-version":[{"id":1789,"href":"https:\/\/timurbasirov23.thkit.ee\/wp\/eng\/wp-json\/wp\/v2\/pages\/539\/revisions\/1789"}],"wp:attachment":[{"href":"https:\/\/timurbasirov23.thkit.ee\/wp\/eng\/wp-json\/wp\/v2\/media?parent=539"}],"curies":[{"name":"wp","href":"https:\/\/api.w.org\/{rel}","templated":true}]}}