{"id":1324,"date":"2024-05-30T11:53:06","date_gmt":"2024-05-30T08:53:06","guid":{"rendered":"https:\/\/timurbasirov.wordpress.com\/?page_id=1324"},"modified":"2024-11-26T17:17:09","modified_gmt":"2024-11-26T17:17:09","slug":"kasutajate-loomine-ja-oiguste-maaramine","status":"publish","type":"page","link":"https:\/\/timurbasirov23.thkit.ee\/wp\/kasutajate-loomine-ja-oiguste-maaramine\/","title":{"rendered":"Kasutajate loomine ja \u00f5iguste m\u00e4\u00e4ramine"},"content":{"rendered":"\n<p>\u00d5pilase Anton \u00fclesanne (<a href=\"https:\/\/moodle.edu.ee\/mod\/forum\/discuss.php?d=1037553\">https:\/\/moodle.edu.ee\/mod\/forum\/discuss.php?d=1037553<\/a>)<\/p>\n\n\n\n<p>Andmebaasi loomine (auto_pood)<\/p>\n\n\n\n<figure class=\"wp-block-image size-large\"><img loading=\"lazy\" decoding=\"async\" width=\"774\" height=\"105\" src=\"https:\/\/timurbasirov23.thkit.ee\/wp\/wp-content\/uploads\/2024\/05\/pilt-9.png?w=774\" alt=\"\" class=\"wp-image-1325\" srcset=\"https:\/\/timurbasirov23.thkit.ee\/wp\/wp-content\/uploads\/2024\/05\/pilt-9.png 774w, https:\/\/timurbasirov23.thkit.ee\/wp\/wp-content\/uploads\/2024\/05\/pilt-9-300x41.png 300w, https:\/\/timurbasirov23.thkit.ee\/wp\/wp-content\/uploads\/2024\/05\/pilt-9-768x104.png 768w\" sizes=\"auto, (max-width: 774px) 100vw, 774px\" \/><\/figure>\n\n\n\n<figure class=\"wp-block-image size-large\"><img loading=\"lazy\" decoding=\"async\" width=\"298\" height=\"178\" src=\"https:\/\/timurbasirov23.thkit.ee\/wp\/wp-content\/uploads\/2024\/05\/pilt-11.png?w=298\" alt=\"\" class=\"wp-image-1329\" \/><\/figure>\n\n\n\n<p>Andmete lisamine<\/p>\n\n\n\n<figure class=\"wp-block-image size-large\"><img loading=\"lazy\" decoding=\"async\" width=\"525\" height=\"260\" src=\"https:\/\/timurbasirov23.thkit.ee\/wp\/wp-content\/uploads\/2024\/05\/pilt-13.png?w=525\" alt=\"\" class=\"wp-image-1332\" srcset=\"https:\/\/timurbasirov23.thkit.ee\/wp\/wp-content\/uploads\/2024\/05\/pilt-13.png 525w, https:\/\/timurbasirov23.thkit.ee\/wp\/wp-content\/uploads\/2024\/05\/pilt-13-300x149.png 300w\" sizes=\"auto, (max-width: 525px) 100vw, 525px\" \/><\/figure>\n\n\n\n<p>Kasutaja loomine<\/p>\n\n\n\n<figure class=\"wp-block-image size-large\"><img loading=\"lazy\" decoding=\"async\" width=\"692\" height=\"654\" src=\"https:\/\/timurbasirov23.thkit.ee\/wp\/wp-content\/uploads\/2024\/05\/pilt-10.png?w=692\" alt=\"\" class=\"wp-image-1328\" srcset=\"https:\/\/timurbasirov23.thkit.ee\/wp\/wp-content\/uploads\/2024\/05\/pilt-10.png 692w, https:\/\/timurbasirov23.thkit.ee\/wp\/wp-content\/uploads\/2024\/05\/pilt-10-300x284.png 300w\" sizes=\"auto, (max-width: 692px) 100vw, 692px\" \/><\/figure>\n\n\n\n<p>\u00d5iguste andmine kasutajale<\/p>\n\n\n\n<figure class=\"wp-block-image size-large\"><img loading=\"lazy\" decoding=\"async\" width=\"432\" height=\"189\" src=\"https:\/\/timurbasirov23.thkit.ee\/wp\/wp-content\/uploads\/2024\/05\/pilt-14.png?w=432\" alt=\"\" class=\"wp-image-1334\" srcset=\"https:\/\/timurbasirov23.thkit.ee\/wp\/wp-content\/uploads\/2024\/05\/pilt-14.png 432w, https:\/\/timurbasirov23.thkit.ee\/wp\/wp-content\/uploads\/2024\/05\/pilt-14-300x131.png 300w\" sizes=\"auto, (max-width: 432px) 100vw, 432px\" \/><\/figure>\n\n\n\n<p>Kasutaja\u00f5iguste kontrollimine<\/p>\n\n\n\n<pre class=\"wp-block-syntaxhighlighter-code\">select * from autod<\/pre>\n\n\n\n<figure class=\"wp-block-image size-large is-resized\"><img loading=\"lazy\" decoding=\"async\" width=\"955\" height=\"345\" src=\"https:\/\/timurbasirov23.thkit.ee\/wp\/wp-content\/uploads\/2024\/05\/pilt-15.png?w=955\" alt=\"\" class=\"wp-image-1336\" style=\"width:650px;height:auto\" srcset=\"https:\/\/timurbasirov23.thkit.ee\/wp\/wp-content\/uploads\/2024\/05\/pilt-15.png 955w, https:\/\/timurbasirov23.thkit.ee\/wp\/wp-content\/uploads\/2024\/05\/pilt-15-300x108.png 300w, https:\/\/timurbasirov23.thkit.ee\/wp\/wp-content\/uploads\/2024\/05\/pilt-15-768x277.png 768w\" sizes=\"auto, (max-width: 955px) 100vw, 955px\" \/><\/figure>\n\n\n\n<pre class=\"wp-block-syntaxhighlighter-code\">Update autod set hind = 123\nwhere id like 1;<\/pre>\n\n\n\n<figure class=\"wp-block-image size-large\"><img loading=\"lazy\" decoding=\"async\" width=\"961\" height=\"252\" src=\"https:\/\/timurbasirov23.thkit.ee\/wp\/wp-content\/uploads\/2024\/05\/pilt-17.png?w=961\" alt=\"\" class=\"wp-image-1338\" srcset=\"https:\/\/timurbasirov23.thkit.ee\/wp\/wp-content\/uploads\/2024\/05\/pilt-17.png 961w, https:\/\/timurbasirov23.thkit.ee\/wp\/wp-content\/uploads\/2024\/05\/pilt-17-300x79.png 300w, https:\/\/timurbasirov23.thkit.ee\/wp\/wp-content\/uploads\/2024\/05\/pilt-17-768x201.png 768w\" sizes=\"auto, (max-width: 961px) 100vw, 961px\" \/><\/figure>\n\n\n\n<pre class=\"wp-block-syntaxhighlighter-code\">Update autod set varv = 'Sinine'\nwhere id like 1;<\/pre>\n\n\n\n<figure class=\"wp-block-image size-large is-resized\"><img loading=\"lazy\" decoding=\"async\" width=\"1315\" height=\"238\" src=\"https:\/\/timurbasirov23.thkit.ee\/wp\/wp-content\/uploads\/2024\/05\/pilt-16.png?w=1024\" alt=\"\" class=\"wp-image-1337\" style=\"width:774px;height:auto\" srcset=\"https:\/\/timurbasirov23.thkit.ee\/wp\/wp-content\/uploads\/2024\/05\/pilt-16.png 1315w, https:\/\/timurbasirov23.thkit.ee\/wp\/wp-content\/uploads\/2024\/05\/pilt-16-300x54.png 300w, https:\/\/timurbasirov23.thkit.ee\/wp\/wp-content\/uploads\/2024\/05\/pilt-16-1024x185.png 1024w, https:\/\/timurbasirov23.thkit.ee\/wp\/wp-content\/uploads\/2024\/05\/pilt-16-768x139.png 768w\" sizes=\"auto, (max-width: 1315px) 100vw, 1315px\" \/><\/figure>\n\n\n\n<pre class=\"wp-block-syntaxhighlighter-code\">Delete from autod\nwhere id like 1;<\/pre>\n\n\n\n<figure class=\"wp-block-image size-large\"><img loading=\"lazy\" decoding=\"async\" width=\"1090\" height=\"235\" src=\"https:\/\/timurbasirov23.thkit.ee\/wp\/wp-content\/uploads\/2024\/05\/pilt-18.png?w=1024\" alt=\"\" class=\"wp-image-1341\" srcset=\"https:\/\/timurbasirov23.thkit.ee\/wp\/wp-content\/uploads\/2024\/05\/pilt-18.png 1090w, https:\/\/timurbasirov23.thkit.ee\/wp\/wp-content\/uploads\/2024\/05\/pilt-18-300x65.png 300w, https:\/\/timurbasirov23.thkit.ee\/wp\/wp-content\/uploads\/2024\/05\/pilt-18-1024x221.png 1024w, https:\/\/timurbasirov23.thkit.ee\/wp\/wp-content\/uploads\/2024\/05\/pilt-18-768x166.png 768w\" sizes=\"auto, (max-width: 1090px) 100vw, 1090px\" \/><\/figure>\n\n\n\n<p>Andmebaasi ja Tabeli loomine XAMPPis<\/p>\n\n\n\n<figure class=\"wp-block-image size-large\"><img loading=\"lazy\" decoding=\"async\" width=\"720\" height=\"426\" src=\"https:\/\/timurbasirov23.thkit.ee\/wp\/wp-content\/uploads\/2024\/05\/pilt-19.png?w=720\" alt=\"\" class=\"wp-image-1344\" srcset=\"https:\/\/timurbasirov23.thkit.ee\/wp\/wp-content\/uploads\/2024\/05\/pilt-19.png 720w, https:\/\/timurbasirov23.thkit.ee\/wp\/wp-content\/uploads\/2024\/05\/pilt-19-300x178.png 300w\" sizes=\"auto, (max-width: 720px) 100vw, 720px\" \/><\/figure>\n\n\n\n<p>Andmete lisamine<\/p>\n\n\n\n<figure class=\"wp-block-image size-large\"><img loading=\"lazy\" decoding=\"async\" width=\"786\" height=\"438\" src=\"https:\/\/timurbasirov23.thkit.ee\/wp\/wp-content\/uploads\/2024\/05\/pilt-20.png?w=786\" alt=\"\" class=\"wp-image-1346\" srcset=\"https:\/\/timurbasirov23.thkit.ee\/wp\/wp-content\/uploads\/2024\/05\/pilt-20.png 786w, https:\/\/timurbasirov23.thkit.ee\/wp\/wp-content\/uploads\/2024\/05\/pilt-20-300x167.png 300w, https:\/\/timurbasirov23.thkit.ee\/wp\/wp-content\/uploads\/2024\/05\/pilt-20-768x428.png 768w\" sizes=\"auto, (max-width: 786px) 100vw, 786px\" \/><\/figure>\n\n\n\n<p>Kasutaja loomine<\/p>\n\n\n\n<figure class=\"wp-block-image size-large\"><img loading=\"lazy\" decoding=\"async\" width=\"960\" height=\"474\" src=\"https:\/\/timurbasirov23.thkit.ee\/wp\/wp-content\/uploads\/2024\/05\/pilt-22.png?w=960\" alt=\"\" class=\"wp-image-1350\" srcset=\"https:\/\/timurbasirov23.thkit.ee\/wp\/wp-content\/uploads\/2024\/05\/pilt-22.png 960w, https:\/\/timurbasirov23.thkit.ee\/wp\/wp-content\/uploads\/2024\/05\/pilt-22-300x148.png 300w, https:\/\/timurbasirov23.thkit.ee\/wp\/wp-content\/uploads\/2024\/05\/pilt-22-768x379.png 768w\" sizes=\"auto, (max-width: 960px) 100vw, 960px\" \/><\/figure>\n\n\n\n<p>\u00d5iguste andmine kasutajale<\/p>\n\n\n\n<figure class=\"wp-block-image size-large is-resized\"><img loading=\"lazy\" decoding=\"async\" width=\"1678\" height=\"183\" src=\"https:\/\/timurbasirov23.thkit.ee\/wp\/wp-content\/uploads\/2024\/05\/pilt-23.png?w=1024\" alt=\"\" class=\"wp-image-1351\" style=\"width:981px;height:auto\" srcset=\"https:\/\/timurbasirov23.thkit.ee\/wp\/wp-content\/uploads\/2024\/05\/pilt-23.png 1678w, https:\/\/timurbasirov23.thkit.ee\/wp\/wp-content\/uploads\/2024\/05\/pilt-23-300x33.png 300w, https:\/\/timurbasirov23.thkit.ee\/wp\/wp-content\/uploads\/2024\/05\/pilt-23-1024x112.png 1024w, https:\/\/timurbasirov23.thkit.ee\/wp\/wp-content\/uploads\/2024\/05\/pilt-23-768x84.png 768w, https:\/\/timurbasirov23.thkit.ee\/wp\/wp-content\/uploads\/2024\/05\/pilt-23-1536x168.png 1536w\" sizes=\"auto, (max-width: 1678px) 100vw, 1678px\" \/><\/figure>\n\n\n\n<figure class=\"wp-block-image size-large\"><img loading=\"lazy\" decoding=\"async\" width=\"1243\" height=\"713\" src=\"https:\/\/timurbasirov23.thkit.ee\/wp\/wp-content\/uploads\/2024\/05\/pilt-24.png?w=1024\" alt=\"\" class=\"wp-image-1353\" srcset=\"https:\/\/timurbasirov23.thkit.ee\/wp\/wp-content\/uploads\/2024\/05\/pilt-24.png 1243w, https:\/\/timurbasirov23.thkit.ee\/wp\/wp-content\/uploads\/2024\/05\/pilt-24-300x172.png 300w, https:\/\/timurbasirov23.thkit.ee\/wp\/wp-content\/uploads\/2024\/05\/pilt-24-1024x587.png 1024w, https:\/\/timurbasirov23.thkit.ee\/wp\/wp-content\/uploads\/2024\/05\/pilt-24-768x441.png 768w\" sizes=\"auto, (max-width: 1243px) 100vw, 1243px\" \/><\/figure>\n\n\n\n<p>Kasutaja\u00f5iguste kontrollimine<\/p>\n\n\n\n<pre class=\"wp-block-syntaxhighlighter-code\">select * from autod<\/pre>\n\n\n\n<figure class=\"wp-block-image size-large\"><img loading=\"lazy\" decoding=\"async\" width=\"989\" height=\"636\" src=\"https:\/\/timurbasirov23.thkit.ee\/wp\/wp-content\/uploads\/2024\/05\/image-78.png?w=989\" alt=\"\" class=\"wp-image-1355\" srcset=\"https:\/\/timurbasirov23.thkit.ee\/wp\/wp-content\/uploads\/2024\/05\/image-78.png 989w, https:\/\/timurbasirov23.thkit.ee\/wp\/wp-content\/uploads\/2024\/05\/image-78-300x193.png 300w, https:\/\/timurbasirov23.thkit.ee\/wp\/wp-content\/uploads\/2024\/05\/image-78-768x494.png 768w\" sizes=\"auto, (max-width: 989px) 100vw, 989px\" \/><\/figure>\n\n\n\n<pre class=\"wp-block-syntaxhighlighter-code\">Update autod set hind = 123\nwhere id like 1;<\/pre>\n\n\n\n<figure class=\"wp-block-image size-large\"><img loading=\"lazy\" decoding=\"async\" width=\"863\" height=\"265\" src=\"https:\/\/timurbasirov23.thkit.ee\/wp\/wp-content\/uploads\/2024\/05\/image-79.png?w=863\" alt=\"\" class=\"wp-image-1357\" srcset=\"https:\/\/timurbasirov23.thkit.ee\/wp\/wp-content\/uploads\/2024\/05\/image-79.png 863w, https:\/\/timurbasirov23.thkit.ee\/wp\/wp-content\/uploads\/2024\/05\/image-79-300x92.png 300w, https:\/\/timurbasirov23.thkit.ee\/wp\/wp-content\/uploads\/2024\/05\/image-79-768x236.png 768w\" sizes=\"auto, (max-width: 863px) 100vw, 863px\" \/><\/figure>\n\n\n\n<pre class=\"wp-block-syntaxhighlighter-code\">Update autod set varv = 'Sinine'\nwhere id like 1;<\/pre>\n\n\n\n<figure class=\"wp-block-image size-large\"><img loading=\"lazy\" decoding=\"async\" width=\"1188\" height=\"699\" src=\"https:\/\/timurbasirov23.thkit.ee\/wp\/wp-content\/uploads\/2024\/05\/image-80.png?w=1024\" alt=\"\" class=\"wp-image-1359\" srcset=\"https:\/\/timurbasirov23.thkit.ee\/wp\/wp-content\/uploads\/2024\/05\/image-80.png 1188w, https:\/\/timurbasirov23.thkit.ee\/wp\/wp-content\/uploads\/2024\/05\/image-80-300x177.png 300w, https:\/\/timurbasirov23.thkit.ee\/wp\/wp-content\/uploads\/2024\/05\/image-80-1024x603.png 1024w, https:\/\/timurbasirov23.thkit.ee\/wp\/wp-content\/uploads\/2024\/05\/image-80-768x452.png 768w\" sizes=\"auto, (max-width: 1188px) 100vw, 1188px\" \/><\/figure>\n\n\n\n<pre class=\"wp-block-syntaxhighlighter-code\">Delete from autod\nwhere id like 1;<\/pre>\n\n\n\n<figure class=\"wp-block-image size-large\"><img loading=\"lazy\" decoding=\"async\" width=\"1151\" height=\"698\" src=\"https:\/\/timurbasirov23.thkit.ee\/wp\/wp-content\/uploads\/2024\/05\/image-82.png?w=1024\" alt=\"\" class=\"wp-image-1362\" srcset=\"https:\/\/timurbasirov23.thkit.ee\/wp\/wp-content\/uploads\/2024\/05\/image-82.png 1151w, https:\/\/timurbasirov23.thkit.ee\/wp\/wp-content\/uploads\/2024\/05\/image-82-300x182.png 300w, https:\/\/timurbasirov23.thkit.ee\/wp\/wp-content\/uploads\/2024\/05\/image-82-1024x621.png 1024w, https:\/\/timurbasirov23.thkit.ee\/wp\/wp-content\/uploads\/2024\/05\/image-82-768x466.png 768w\" sizes=\"auto, (max-width: 1151px) 100vw, 1151px\" \/><\/figure>\n","protected":false},"excerpt":{"rendered":"<p>\u00d5pilase Anton \u00fclesanne (https:\/\/moodle.edu.ee\/mod\/forum\/discuss.php?d=1037553) Andmebaasi loomine (auto_pood) Andmete lisamine Kasutaja loomine \u00d5iguste andmine kasutajale Kasutaja\u00f5iguste kontrollimine Andmebaasi ja Tabeli loomine XAMPPis Andmete lisamine Kasutaja loomine \u00d5iguste andmine kasutajale Kasutaja\u00f5iguste kontrollimine<\/p>\n","protected":false},"author":1,"featured_media":0,"parent":0,"menu_order":0,"comment_status":"closed","ping_status":"closed","template":"","meta":{"footnotes":""},"class_list":["post-1324","page","type-page","status-publish","hentry"],"yoast_head":"<!-- This site is optimized with the Yoast SEO plugin v27.4 - https:\/\/yoast.com\/product\/yoast-seo-wordpress\/ -->\n<title>Kasutajate loomine ja \u00f5iguste m\u00e4\u00e4ramine - Timur Ba&scaron;irov Portfoolio<\/title>\n<meta name=\"robots\" content=\"index, follow, max-snippet:-1, max-image-preview:large, max-video-preview:-1\" \/>\n<link rel=\"canonical\" href=\"https:\/\/timurbasirov23.thkit.ee\/wp\/kasutajate-loomine-ja-oiguste-maaramine\/\" \/>\n<meta property=\"og:locale\" content=\"et_EE\" \/>\n<meta property=\"og:type\" content=\"article\" \/>\n<meta property=\"og:title\" content=\"Kasutajate loomine ja \u00f5iguste m\u00e4\u00e4ramine - Timur Ba&scaron;irov Portfoolio\" \/>\n<meta property=\"og:description\" content=\"\u00d5pilase Anton \u00fclesanne (https:\/\/moodle.edu.ee\/mod\/forum\/discuss.php?d=1037553) Andmebaasi loomine (auto_pood) Andmete lisamine Kasutaja loomine \u00d5iguste andmine kasutajale Kasutaja\u00f5iguste kontrollimine Andmebaasi ja Tabeli loomine XAMPPis Andmete lisamine Kasutaja loomine \u00d5iguste andmine kasutajale Kasutaja\u00f5iguste kontrollimine\" \/>\n<meta property=\"og:url\" content=\"https:\/\/timurbasirov23.thkit.ee\/wp\/kasutajate-loomine-ja-oiguste-maaramine\/\" \/>\n<meta property=\"og:site_name\" content=\"Timur Ba&scaron;irov Portfoolio\" \/>\n<meta property=\"article:modified_time\" content=\"2024-11-26T17:17:09+00:00\" \/>\n<meta property=\"og:image\" content=\"https:\/\/timurbasirov23.thkit.ee\/wp\/wp-content\/uploads\/2024\/05\/pilt-9.png\" \/>\n\t<meta property=\"og:image:width\" content=\"774\" \/>\n\t<meta property=\"og:image:height\" content=\"105\" \/>\n\t<meta property=\"og:image:type\" content=\"image\/png\" \/>\n<meta name=\"twitter:card\" content=\"summary_large_image\" \/>\n<script type=\"application\/ld+json\" class=\"yoast-schema-graph\">{\"@context\":\"https:\\\/\\\/schema.org\",\"@graph\":[{\"@type\":\"WebPage\",\"@id\":\"https:\\\/\\\/timurbasirov23.thkit.ee\\\/wp\\\/kasutajate-loomine-ja-oiguste-maaramine\\\/\",\"url\":\"https:\\\/\\\/timurbasirov23.thkit.ee\\\/wp\\\/kasutajate-loomine-ja-oiguste-maaramine\\\/\",\"name\":\"Kasutajate loomine ja \u00f5iguste m\u00e4\u00e4ramine - Timur Ba&scaron;irov Portfoolio\",\"isPartOf\":{\"@id\":\"https:\\\/\\\/timurbasirov23.thkit.ee\\\/wp\\\/#website\"},\"primaryImageOfPage\":{\"@id\":\"https:\\\/\\\/timurbasirov23.thkit.ee\\\/wp\\\/kasutajate-loomine-ja-oiguste-maaramine\\\/#primaryimage\"},\"image\":{\"@id\":\"https:\\\/\\\/timurbasirov23.thkit.ee\\\/wp\\\/kasutajate-loomine-ja-oiguste-maaramine\\\/#primaryimage\"},\"thumbnailUrl\":\"https:\\\/\\\/timurbasirov23.thkit.ee\\\/wp\\\/wp-content\\\/uploads\\\/2024\\\/05\\\/pilt-9.png?w=774\",\"datePublished\":\"2024-05-30T08:53:06+00:00\",\"dateModified\":\"2024-11-26T17:17:09+00:00\",\"breadcrumb\":{\"@id\":\"https:\\\/\\\/timurbasirov23.thkit.ee\\\/wp\\\/kasutajate-loomine-ja-oiguste-maaramine\\\/#breadcrumb\"},\"inLanguage\":\"et\",\"potentialAction\":[{\"@type\":\"ReadAction\",\"target\":[\"https:\\\/\\\/timurbasirov23.thkit.ee\\\/wp\\\/kasutajate-loomine-ja-oiguste-maaramine\\\/\"]}]},{\"@type\":\"ImageObject\",\"inLanguage\":\"et\",\"@id\":\"https:\\\/\\\/timurbasirov23.thkit.ee\\\/wp\\\/kasutajate-loomine-ja-oiguste-maaramine\\\/#primaryimage\",\"url\":\"https:\\\/\\\/timurbasirov23.thkit.ee\\\/wp\\\/wp-content\\\/uploads\\\/2024\\\/05\\\/pilt-9.png\",\"contentUrl\":\"https:\\\/\\\/timurbasirov23.thkit.ee\\\/wp\\\/wp-content\\\/uploads\\\/2024\\\/05\\\/pilt-9.png\",\"width\":774,\"height\":105},{\"@type\":\"BreadcrumbList\",\"@id\":\"https:\\\/\\\/timurbasirov23.thkit.ee\\\/wp\\\/kasutajate-loomine-ja-oiguste-maaramine\\\/#breadcrumb\",\"itemListElement\":[{\"@type\":\"ListItem\",\"position\":1,\"name\":\"Home\",\"item\":\"https:\\\/\\\/timurbasirov23.thkit.ee\\\/wp\\\/\"},{\"@type\":\"ListItem\",\"position\":2,\"name\":\"Kasutajate loomine ja \u00f5iguste m\u00e4\u00e4ramine\"}]},{\"@type\":\"WebSite\",\"@id\":\"https:\\\/\\\/timurbasirov23.thkit.ee\\\/wp\\\/#website\",\"url\":\"https:\\\/\\\/timurbasirov23.thkit.ee\\\/wp\\\/\",\"name\":\"Timur Ba&scaron;irov Portfoolio\",\"description\":\"Noorem tarkvaraarendaja eriala\",\"potentialAction\":[{\"@type\":\"SearchAction\",\"target\":{\"@type\":\"EntryPoint\",\"urlTemplate\":\"https:\\\/\\\/timurbasirov23.thkit.ee\\\/wp\\\/?s={search_term_string}\"},\"query-input\":{\"@type\":\"PropertyValueSpecification\",\"valueRequired\":true,\"valueName\":\"search_term_string\"}}],\"inLanguage\":\"et\"}]}<\/script>\n<!-- \/ Yoast SEO plugin. -->","yoast_head_json":{"title":"Kasutajate loomine ja \u00f5iguste m\u00e4\u00e4ramine - Timur Ba&scaron;irov Portfoolio","robots":{"index":"index","follow":"follow","max-snippet":"max-snippet:-1","max-image-preview":"max-image-preview:large","max-video-preview":"max-video-preview:-1"},"canonical":"https:\/\/timurbasirov23.thkit.ee\/wp\/kasutajate-loomine-ja-oiguste-maaramine\/","og_locale":"et_EE","og_type":"article","og_title":"Kasutajate loomine ja \u00f5iguste m\u00e4\u00e4ramine - Timur Ba&scaron;irov Portfoolio","og_description":"\u00d5pilase Anton \u00fclesanne (https:\/\/moodle.edu.ee\/mod\/forum\/discuss.php?d=1037553) Andmebaasi loomine (auto_pood) Andmete lisamine Kasutaja loomine \u00d5iguste andmine kasutajale Kasutaja\u00f5iguste kontrollimine Andmebaasi ja Tabeli loomine XAMPPis Andmete lisamine Kasutaja loomine \u00d5iguste andmine kasutajale Kasutaja\u00f5iguste kontrollimine","og_url":"https:\/\/timurbasirov23.thkit.ee\/wp\/kasutajate-loomine-ja-oiguste-maaramine\/","og_site_name":"Timur Ba&scaron;irov Portfoolio","article_modified_time":"2024-11-26T17:17:09+00:00","og_image":[{"width":774,"height":105,"url":"https:\/\/timurbasirov23.thkit.ee\/wp\/wp-content\/uploads\/2024\/05\/pilt-9.png","type":"image\/png"}],"twitter_card":"summary_large_image","schema":{"@context":"https:\/\/schema.org","@graph":[{"@type":"WebPage","@id":"https:\/\/timurbasirov23.thkit.ee\/wp\/kasutajate-loomine-ja-oiguste-maaramine\/","url":"https:\/\/timurbasirov23.thkit.ee\/wp\/kasutajate-loomine-ja-oiguste-maaramine\/","name":"Kasutajate loomine ja \u00f5iguste m\u00e4\u00e4ramine - Timur Ba&scaron;irov Portfoolio","isPartOf":{"@id":"https:\/\/timurbasirov23.thkit.ee\/wp\/#website"},"primaryImageOfPage":{"@id":"https:\/\/timurbasirov23.thkit.ee\/wp\/kasutajate-loomine-ja-oiguste-maaramine\/#primaryimage"},"image":{"@id":"https:\/\/timurbasirov23.thkit.ee\/wp\/kasutajate-loomine-ja-oiguste-maaramine\/#primaryimage"},"thumbnailUrl":"https:\/\/timurbasirov23.thkit.ee\/wp\/wp-content\/uploads\/2024\/05\/pilt-9.png?w=774","datePublished":"2024-05-30T08:53:06+00:00","dateModified":"2024-11-26T17:17:09+00:00","breadcrumb":{"@id":"https:\/\/timurbasirov23.thkit.ee\/wp\/kasutajate-loomine-ja-oiguste-maaramine\/#breadcrumb"},"inLanguage":"et","potentialAction":[{"@type":"ReadAction","target":["https:\/\/timurbasirov23.thkit.ee\/wp\/kasutajate-loomine-ja-oiguste-maaramine\/"]}]},{"@type":"ImageObject","inLanguage":"et","@id":"https:\/\/timurbasirov23.thkit.ee\/wp\/kasutajate-loomine-ja-oiguste-maaramine\/#primaryimage","url":"https:\/\/timurbasirov23.thkit.ee\/wp\/wp-content\/uploads\/2024\/05\/pilt-9.png","contentUrl":"https:\/\/timurbasirov23.thkit.ee\/wp\/wp-content\/uploads\/2024\/05\/pilt-9.png","width":774,"height":105},{"@type":"BreadcrumbList","@id":"https:\/\/timurbasirov23.thkit.ee\/wp\/kasutajate-loomine-ja-oiguste-maaramine\/#breadcrumb","itemListElement":[{"@type":"ListItem","position":1,"name":"Home","item":"https:\/\/timurbasirov23.thkit.ee\/wp\/"},{"@type":"ListItem","position":2,"name":"Kasutajate loomine ja \u00f5iguste m\u00e4\u00e4ramine"}]},{"@type":"WebSite","@id":"https:\/\/timurbasirov23.thkit.ee\/wp\/#website","url":"https:\/\/timurbasirov23.thkit.ee\/wp\/","name":"Timur Ba&scaron;irov Portfoolio","description":"Noorem tarkvaraarendaja eriala","potentialAction":[{"@type":"SearchAction","target":{"@type":"EntryPoint","urlTemplate":"https:\/\/timurbasirov23.thkit.ee\/wp\/?s={search_term_string}"},"query-input":{"@type":"PropertyValueSpecification","valueRequired":true,"valueName":"search_term_string"}}],"inLanguage":"et"}]}},"_links":{"self":[{"href":"https:\/\/timurbasirov23.thkit.ee\/wp\/wp-json\/wp\/v2\/pages\/1324","targetHints":{"allow":["GET"]}}],"collection":[{"href":"https:\/\/timurbasirov23.thkit.ee\/wp\/wp-json\/wp\/v2\/pages"}],"about":[{"href":"https:\/\/timurbasirov23.thkit.ee\/wp\/wp-json\/wp\/v2\/types\/page"}],"author":[{"embeddable":true,"href":"https:\/\/timurbasirov23.thkit.ee\/wp\/wp-json\/wp\/v2\/users\/1"}],"replies":[{"embeddable":true,"href":"https:\/\/timurbasirov23.thkit.ee\/wp\/wp-json\/wp\/v2\/comments?post=1324"}],"version-history":[{"count":1,"href":"https:\/\/timurbasirov23.thkit.ee\/wp\/wp-json\/wp\/v2\/pages\/1324\/revisions"}],"predecessor-version":[{"id":1702,"href":"https:\/\/timurbasirov23.thkit.ee\/wp\/wp-json\/wp\/v2\/pages\/1324\/revisions\/1702"}],"wp:attachment":[{"href":"https:\/\/timurbasirov23.thkit.ee\/wp\/wp-json\/wp\/v2\/media?parent=1324"}],"curies":[{"name":"wp","href":"https:\/\/api.w.org\/{rel}","templated":true}]}}